{"id":9,"date":"2021-04-16T17:11:32","date_gmt":"2021-04-16T15:11:32","guid":{"rendered":"https:\/\/enseigneslaviolette.com\/?page_id=9"},"modified":"2026-02-11T14:49:52","modified_gmt":"2026-02-11T19:49:52","slug":"accueil","status":"publish","type":"page","link":"https:\/\/enseigneslaviolette.com\/","title":{"rendered":"Accueil"},"content":{"rendered":"<div class=\"wpb-content-wrapper\">[vc_row full_width=\u00a0\u00bbstretch_row_content_no_spaces\u00a0\u00bb][vc_column width=\u00a0\u00bb1\/3&Prime; css=\u00a0\u00bb.vc_custom_1618589038206{margin-bottom: 0px !important;}\u00a0\u00bb el_class=\u00a0\u00bbcol-fixed\u00a0\u00bb][vc_row_inner css=\u00a0\u00bb.vc_custom_1618597831150{padding-right: 20px !important;padding-left: 20px !important;background-color: #000000 !important;}\u00a0\u00bb el_class=\u00a0\u00bbhidden-lg\u00a0\u00bb][vc_column_inner css=\u00a0\u00bb.vc_custom_1618589898080{margin-bottom: 0px !important;}\u00a0\u00bb]<figure class=\"vcex-image vcex-module wpex-clr textcenter visible-phone logo\"><div class=\"vcex-image-inner wpex-inline-block wpex-relative vc_custom_1618597698868\"><img decoding=\"async\" loading=\"lazy\" class=\"wpex-align-middle\" src=\"https:\/\/enseigneslaviolette.com\/wp-content\/uploads\/2021\/04\/lettrage-laviolette-logo.png\" alt=\"\" width=\"1000\" height=\"408\" \/><\/div><\/figure>[\/vc_column_inner][\/vc_row_inner]<figure class=\"vcex-image vcex-module wpex-clr img-special\"><div class=\"vcex-image-inner wpex-inline-block wpex-relative\"><a href=\"mailto:andrelaviolette@hotmail.com\" title=\"andrelaviolette@hotmail.com\" target=\"_blank\" rel=\"noopener noreferrer\"><img decoding=\"async\" loading=\"lazy\" class=\"wpex-align-middle\" src=\"https:\/\/enseigneslaviolette.com\/wp-content\/uploads\/2026\/02\/laviolette-bandeau-fev2026-enseignes-laviolette-1.jpg\" alt=\"\" width=\"1200\" height=\"2045\" \/><\/a><\/div><\/figure>[\/vc_column][vc_column width=\u00a0\u00bb2\/3&Prime; css=\u00a0\u00bb.vc_custom_1618590038301{margin-bottom: 7px !important;padding-right: 15px !important;padding-left: 15px !important;}\u00a0\u00bb][vc_row_inner equal_height=\u00a0\u00bbyes\u00a0\u00bb content_placement=\u00a0\u00bbmiddle\u00a0\u00bb css=\u00a0\u00bb.vc_custom_1770839291460{border-bottom-width: 15px !important;padding-right: 15px !important;padding-left: 15px !important;background-color: #000000 !important;}\u00a0\u00bb el_class=\u00a0\u00bbhidden-sm\u00a0\u00bb][vc_column_inner css=\u00a0\u00bb.vc_custom_1770839114948{margin-bottom: 0px !important;}\u00a0\u00bb]<figure class=\"vcex-image vcex-module wpex-clr textcenter hidden-phone logo\"><div class=\"vcex-image-inner wpex-inline-block wpex-relative vc_custom_1770839273920\"><a href=\"mailto:andrelaviolette@hotmail.com\" title=\"andrelaviolette@hotmail.com\"><img decoding=\"async\" loading=\"lazy\" class=\"wpex-align-middle\" alt=\"Enseignes Laviolette\" src=\"https:\/\/enseigneslaviolette.com\/wp-content\/uploads\/2026\/02\/laviolette-entete-fev2026-enseignes-laviolette-2048x561.png\" width=\"2048\" height=\"561\" \/><\/a><\/div><\/figure>[\/vc_column_inner][\/vc_row_inner][vc_row_inner css=\u00a0\u00bb.vc_custom_1749564079367{margin-top: 15px !important;margin-bottom: 10px !important;padding-right: 15px !important;padding-bottom: 15px !important;padding-left: 15px !important;background-color: #fffe0e !important;}\u00a0\u00bb el_class=\u00a0\u00bbhidden-sm\u00a0\u00bb][vc_column_inner css=\u00a0\u00bb.vc_custom_1618589898080{margin-bottom: 0px !important;}\u00a0\u00bb]<figure class=\"vcex-image vcex-module wpex-clr textcenter hidden-phone logo\"><div class=\"vcex-image-inner wpex-inline-block wpex-relative vc_custom_1749564002615\"><img decoding=\"async\" loading=\"lazy\" class=\"wpex-align-middle\" alt=\"Enseignes Laviolette\" src=\"https:\/\/enseigneslaviolette.com\/wp-content\/uploads\/2025\/06\/bandeau-impression-1536x486.png\" width=\"1536\" height=\"486\" \/><\/div><\/figure><figure class=\"vcex-image vcex-module wpex-clr textcenter hidden-phone\"><div class=\"vcex-image-inner wpex-inline-block wpex-relative vc_custom_1770838701569\"><img decoding=\"async\" loading=\"lazy\" class=\"wpex-align-middle\" alt=\"Enseignes Laviolette\" src=\"https:\/\/enseigneslaviolette.com\/wp-content\/uploads\/2026\/02\/listeprix-fev2026-enseignes-laviolette-1536x640.jpg\" width=\"1536\" height=\"640\" \/><\/div><\/figure>[\/vc_column_inner][\/vc_row_inner][vc_row_inner gap=\u00a0\u00bb15&Prime; css=\u00a0\u00bb.vc_custom_1726609765469{padding-right: 15px !important;padding-left: 15px !important;}\u00a0\u00bb][vc_column_inner width=\u00a0\u00bb1\/2&Prime; css=\u00a0\u00bb.vc_custom_1618588226671{margin-bottom: 0px !important;}\u00a0\u00bb]<figure class=\"vcex-image vcex-module wpex-clr\"><div class=\"vcex-image-inner wpex-inline-block wpex-relative\"><img decoding=\"async\" loading=\"lazy\" class=\"wpex-align-middle\" src=\"https:\/\/enseigneslaviolette.com\/wp-content\/uploads\/2024\/09\/enseigne.jpg\" alt=\"\" width=\"1920\" height=\"1440\" \/><\/div><\/figure>[\/vc_column_inner][vc_column_inner width=\u00a0\u00bb1\/2&Prime; css=\u00a0\u00bb.vc_custom_1618588233583{margin-bottom: 0px !important;}\u00a0\u00bb]<figure class=\"vcex-image vcex-module wpex-clr\"><div class=\"vcex-image-inner wpex-inline-block wpex-relative\"><img decoding=\"async\" loading=\"lazy\" class=\"wpex-align-middle\" src=\"https:\/\/enseigneslaviolette.com\/wp-content\/uploads\/2024\/09\/enseigne2.jpg\" alt=\"\" width=\"1920\" height=\"1440\" \/><\/div><\/figure>[\/vc_column_inner][\/vc_row_inner][vc_row_inner gap=\u00a0\u00bb15&Prime; css=\u00a0\u00bb.vc_custom_1618588139545{padding-right: 15px !important;padding-left: 15px !important;}\u00a0\u00bb][vc_column_inner width=\u00a0\u00bb1\/2&Prime; css=\u00a0\u00bb.vc_custom_1618588226671{margin-bottom: 0px !important;}\u00a0\u00bb]<figure class=\"vcex-image vcex-module wpex-clr\"><div class=\"vcex-image-inner wpex-inline-block wpex-relative\"><img decoding=\"async\" loading=\"lazy\" class=\"wpex-align-middle\" src=\"https:\/\/enseigneslaviolette.com\/wp-content\/uploads\/2021\/04\/49384506_537732630066696_1885518787864690688_n.jpg\" alt=\"\" width=\"1932\" height=\"1449\" \/><\/div><\/figure>[\/vc_column_inner][vc_column_inner width=\u00a0\u00bb1\/2&Prime; css=\u00a0\u00bb.vc_custom_1618588233583{margin-bottom: 0px !important;}\u00a0\u00bb]<figure class=\"vcex-image vcex-module wpex-clr\"><div class=\"vcex-image-inner wpex-inline-block wpex-relative\"><img decoding=\"async\" loading=\"lazy\" class=\"wpex-align-middle\" src=\"https:\/\/enseigneslaviolette.com\/wp-content\/uploads\/2021\/04\/site-006-scaled.jpg\" alt=\"\" width=\"2560\" height=\"1920\" \/><\/div><\/figure>[\/vc_column_inner][\/vc_row_inner][vc_row_inner gap=\u00a0\u00bb15&Prime; css=\u00a0\u00bb.vc_custom_1618588139545{padding-right: 15px !important;padding-left: 15px !important;}\u00a0\u00bb][vc_column_inner width=\u00a0\u00bb1\/2&Prime; css=\u00a0\u00bb.vc_custom_1618588226671{margin-bottom: 0px !important;}\u00a0\u00bb]<figure class=\"vcex-image vcex-module wpex-clr\"><div class=\"vcex-image-inner wpex-inline-block wpex-relative\"><img decoding=\"async\" loading=\"lazy\" class=\"wpex-align-middle\" src=\"https:\/\/enseigneslaviolette.com\/wp-content\/uploads\/2021\/04\/beberama-010-scaled.jpeg\" alt=\"\" width=\"2560\" height=\"1920\" \/><\/div><\/figure>[\/vc_column_inner][vc_column_inner width=\u00a0\u00bb1\/2&Prime; css=\u00a0\u00bb.vc_custom_1618588233583{margin-bottom: 0px !important;}\u00a0\u00bb]<figure class=\"vcex-image vcex-module wpex-clr\"><div class=\"vcex-image-inner wpex-inline-block wpex-relative\"><img decoding=\"async\" loading=\"lazy\" class=\"wpex-align-middle\" src=\"https:\/\/enseigneslaviolette.com\/wp-content\/uploads\/2021\/04\/P1010409-scaled.jpg\" alt=\"\" width=\"2560\" height=\"1920\" \/><\/div><\/figure>[\/vc_column_inner][\/vc_row_inner][vc_row_inner gap=\u00a0\u00bb15&Prime; css=\u00a0\u00bb.vc_custom_1618588139545{padding-right: 15px !important;padding-left: 15px !important;}\u00a0\u00bb][vc_column_inner width=\u00a0\u00bb1\/2&Prime; css=\u00a0\u00bb.vc_custom_1618588226671{margin-bottom: 0px !important;}\u00a0\u00bb]<figure class=\"vcex-image vcex-module wpex-clr\"><div class=\"vcex-image-inner wpex-inline-block wpex-relative\"><img decoding=\"async\" loading=\"lazy\" class=\"wpex-align-middle\" src=\"https:\/\/enseigneslaviolette.com\/wp-content\/uploads\/2021\/04\/013-scaled.jpeg\" alt=\"\" width=\"2560\" height=\"1920\" \/><\/div><\/figure>[\/vc_column_inner][vc_column_inner width=\u00a0\u00bb1\/2&Prime; css=\u00a0\u00bb.vc_custom_1618588233583{margin-bottom: 0px !important;}\u00a0\u00bb]<figure class=\"vcex-image vcex-module wpex-clr\"><div class=\"vcex-image-inner wpex-inline-block wpex-relative\"><img decoding=\"async\" loading=\"lazy\" class=\"wpex-align-middle\" src=\"https:\/\/enseigneslaviolette.com\/wp-content\/uploads\/2021\/04\/3-scaled.jpg\" alt=\"\" width=\"2560\" height=\"1920\" \/><\/div><\/figure>[\/vc_column_inner][\/vc_row_inner][vc_row_inner gap=\u00a0\u00bb15&Prime; css=\u00a0\u00bb.vc_custom_1618588139545{padding-right: 15px !important;padding-left: 15px !important;}\u00a0\u00bb][vc_column_inner width=\u00a0\u00bb1\/2&Prime; css=\u00a0\u00bb.vc_custom_1618588226671{margin-bottom: 0px !important;}\u00a0\u00bb]<figure class=\"vcex-image vcex-module wpex-clr\"><div class=\"vcex-image-inner wpex-inline-block wpex-relative\"><img decoding=\"async\" loading=\"lazy\" class=\"wpex-align-middle\" src=\"https:\/\/enseigneslaviolette.com\/wp-content\/uploads\/2021\/04\/site-001-scaled.jpg\" alt=\"\" width=\"2560\" height=\"1920\" \/><\/div><\/figure>[\/vc_column_inner][vc_column_inner width=\u00a0\u00bb1\/2&Prime; css=\u00a0\u00bb.vc_custom_1618588233583{margin-bottom: 0px !important;}\u00a0\u00bb]<figure class=\"vcex-image vcex-module wpex-clr\"><div class=\"vcex-image-inner wpex-inline-block wpex-relative\"><img decoding=\"async\" loading=\"lazy\" class=\"wpex-align-middle\" src=\"https:\/\/enseigneslaviolette.com\/wp-content\/uploads\/2021\/04\/beans-005-scaled.jpg\" alt=\"\" width=\"2560\" height=\"1920\" \/><\/div><\/figure>[\/vc_column_inner][\/vc_row_inner][vc_row_inner gap=\u00a0\u00bb15&Prime; css=\u00a0\u00bb.vc_custom_1618588139545{padding-right: 15px !important;padding-left: 15px !important;}\u00a0\u00bb][vc_column_inner width=\u00a0\u00bb1\/2&Prime; css=\u00a0\u00bb.vc_custom_1618588226671{margin-bottom: 0px !important;}\u00a0\u00bb]<figure class=\"vcex-image vcex-module wpex-clr\"><div class=\"vcex-image-inner wpex-inline-block wpex-relative\"><img decoding=\"async\" loading=\"lazy\" class=\"wpex-align-middle\" src=\"https:\/\/enseigneslaviolette.com\/wp-content\/uploads\/2021\/04\/4-scaled.jpg\" alt=\"\" width=\"2560\" height=\"1920\" \/><\/div><\/figure>[\/vc_column_inner][vc_column_inner width=\u00a0\u00bb1\/2&Prime; css=\u00a0\u00bb.vc_custom_1618588233583{margin-bottom: 0px !important;}\u00a0\u00bb]<figure class=\"vcex-image vcex-module wpex-clr\"><div class=\"vcex-image-inner wpex-inline-block wpex-relative\"><img decoding=\"async\" loading=\"lazy\" class=\"wpex-align-middle\" src=\"https:\/\/enseigneslaviolette.com\/wp-content\/uploads\/2021\/04\/5-scaled.jpg\" alt=\"\" width=\"2560\" height=\"1920\" \/><\/div><\/figure>[\/vc_column_inner][\/vc_row_inner][vc_row_inner gap=\u00a0\u00bb15&Prime; css=\u00a0\u00bb.vc_custom_1618588139545{padding-right: 15px !important;padding-left: 15px !important;}\u00a0\u00bb][vc_column_inner width=\u00a0\u00bb1\/2&Prime; css=\u00a0\u00bb.vc_custom_1618588226671{margin-bottom: 0px !important;}\u00a0\u00bb]<figure class=\"vcex-image vcex-module wpex-clr\"><div class=\"vcex-image-inner wpex-inline-block wpex-relative\"><img decoding=\"async\" loading=\"lazy\" class=\"wpex-align-middle\" src=\"https:\/\/enseigneslaviolette.com\/wp-content\/uploads\/2021\/04\/P1010003.jpg\" alt=\"\" width=\"720\" height=\"540\" \/><\/div><\/figure>[\/vc_column_inner][vc_column_inner width=\u00a0\u00bb1\/2&Prime; css=\u00a0\u00bb.vc_custom_1618588233583{margin-bottom: 0px !important;}\u00a0\u00bb]<figure class=\"vcex-image vcex-module wpex-clr\"><div class=\"vcex-image-inner wpex-inline-block wpex-relative\"><img decoding=\"async\" loading=\"lazy\" class=\"wpex-align-middle\" src=\"https:\/\/enseigneslaviolette.com\/wp-content\/uploads\/2021\/04\/site-008-scaled.jpg\" alt=\"\" width=\"2560\" height=\"1920\" \/><\/div><\/figure>[\/vc_column_inner][\/vc_row_inner][vc_row_inner gap=\u00a0\u00bb15&Prime; css=\u00a0\u00bb.vc_custom_1618588139545{padding-right: 15px !important;padding-left: 15px !important;}\u00a0\u00bb][vc_column_inner width=\u00a0\u00bb1\/2&Prime; css=\u00a0\u00bb.vc_custom_1618588226671{margin-bottom: 0px !important;}\u00a0\u00bb]<figure class=\"vcex-image vcex-module wpex-clr\"><div class=\"vcex-image-inner wpex-inline-block wpex-relative\"><img decoding=\"async\" loading=\"lazy\" class=\"wpex-align-middle\" src=\"https:\/\/enseigneslaviolette.com\/wp-content\/uploads\/2021\/04\/site-011-scaled.jpg\" alt=\"\" width=\"2560\" height=\"1920\" \/><\/div><\/figure>[\/vc_column_inner][vc_column_inner width=\u00a0\u00bb1\/2&Prime; css=\u00a0\u00bb.vc_custom_1618588233583{margin-bottom: 0px !important;}\u00a0\u00bb]<figure class=\"vcex-image vcex-module wpex-clr\"><div class=\"vcex-image-inner wpex-inline-block wpex-relative\"><img decoding=\"async\" loading=\"lazy\" class=\"wpex-align-middle\" src=\"https:\/\/enseigneslaviolette.com\/wp-content\/uploads\/2021\/04\/beans-002-scaled.jpg\" alt=\"\" width=\"2560\" height=\"1920\" \/><\/div><\/figure>[\/vc_column_inner][\/vc_row_inner][vc_row_inner gap=\u00a0\u00bb15&Prime; css=\u00a0\u00bb.vc_custom_1618588139545{padding-right: 15px !important;padding-left: 15px !important;}\u00a0\u00bb][vc_column_inner width=\u00a0\u00bb1\/2&Prime; css=\u00a0\u00bb.vc_custom_1618588226671{margin-bottom: 0px !important;}\u00a0\u00bb]<figure class=\"vcex-image vcex-module wpex-clr\"><div class=\"vcex-image-inner wpex-inline-block wpex-relative\"><img decoding=\"async\" loading=\"lazy\" class=\"wpex-align-middle\" src=\"https:\/\/enseigneslaviolette.com\/wp-content\/uploads\/2021\/04\/site-012-scaled.jpg\" alt=\"\" width=\"2560\" height=\"1920\" \/><\/div><\/figure>[\/vc_column_inner][vc_column_inner width=\u00a0\u00bb1\/2&Prime; css=\u00a0\u00bb.vc_custom_1618588233583{margin-bottom: 0px !important;}\u00a0\u00bb]<figure class=\"vcex-image vcex-module wpex-clr\"><div class=\"vcex-image-inner wpex-inline-block wpex-relative\"><img decoding=\"async\" loading=\"lazy\" class=\"wpex-align-middle\" src=\"https:\/\/enseigneslaviolette.com\/wp-content\/uploads\/2021\/04\/20161026_154727-scaled.jpg\" alt=\"\" width=\"2560\" height=\"1920\" \/><\/div><\/figure>[\/vc_column_inner][\/vc_row_inner][\/vc_column][\/vc_row]\n<\/div>","protected":false},"excerpt":{"rendered":"<p>[vc_row full_width=\u00a0\u00bbstretch_row_content_no_spaces\u00a0\u00bb][vc_column width=\u00a0\u00bb1\/3&Prime; css=\u00a0\u00bb.vc_custom_1618589038206{margin-bottom: 0px !important;}\u00a0\u00bb el_class=\u00a0\u00bbcol-fixed\u00a0\u00bb][vc_row_inner css=\u00a0\u00bb.vc_custom_1618597831150{padding-right: 20px !important;padding-left: 20px !important;background-color: #000000 !important;}\u00a0\u00bb el_class=\u00a0\u00bbhidden-lg\u00a0\u00bb][vc_column_inner css=\u00a0\u00bb.vc_custom_1618589898080{margin-bottom: 0px !important;}\u00a0\u00bb][\/vc_column_inner][\/vc_row_inner][\/vc_column][vc_column width=\u00a0\u00bb2\/3&Prime; css=\u00a0\u00bb.vc_custom_1618590038301{margin-bottom: 7px !important;padding-right: 15px !important;padding-left: 15px !important;}\u00a0\u00bb][vc_row_inner equal_height=\u00a0\u00bbyes\u00a0\u00bb content_placement=\u00a0\u00bbmiddle\u00a0\u00bb css=\u00a0\u00bb.vc_custom_1770839291460{border-bottom-width: 15px !important;padding-right: 15px !important;padding-left: 15px !important;background-color: #000000 !important;}\u00a0\u00bb el_class=\u00a0\u00bbhidden-sm\u00a0\u00bb][vc_column_inner css=\u00a0\u00bb.vc_custom_1770839114948{margin-bottom: 0px&hellip;<\/p>\n","protected":false},"author":2,"featured_media":0,"parent":0,"menu_order":0,"comment_status":"closed","ping_status":"closed","template":"","meta":{"footnotes":""},"class_list":["post-9","page","type-page","status-publish","hentry","entry","no-media"],"yoast_head":"<!-- This site is optimized with the Yoast SEO plugin v25.6 - https:\/\/yoast.com\/wordpress\/plugins\/seo\/ -->\n<title>Enseignes Laviolette [ Enseignes, lettrage et s\u00e9rigraphie : Trois-Rivi\u00e8res ]<\/title>\n<meta name=\"description\" content=\"Enseignes Laviolette : Situ\u00e9e \u00e0 Trois-Rivi\u00e8res, entreprise de fabrication d&#039;enseignes et d&#039;auvents pour commerces et entreprises. Enseignes Laviolette fait \u00e9galement de la s\u00e9rigraphie et du lettrage. | 819 691-5521\" \/>\n<meta name=\"robots\" content=\"index, follow, max-snippet:-1, max-image-preview:large, max-video-preview:-1\" \/>\n<link rel=\"canonical\" href=\"https:\/\/enseigneslaviolette.com\/\" \/>\n<meta property=\"og:locale\" content=\"fr_FR\" \/>\n<meta property=\"og:type\" content=\"article\" \/>\n<meta property=\"og:title\" content=\"Enseignes Laviolette [ Enseignes, lettrage et s\u00e9rigraphie : Trois-Rivi\u00e8res ]\" \/>\n<meta property=\"og:description\" content=\"Enseignes Laviolette : Situ\u00e9e \u00e0 Trois-Rivi\u00e8res, entreprise de fabrication d&#039;enseignes et d&#039;auvents pour commerces et entreprises. Enseignes Laviolette fait \u00e9galement de la s\u00e9rigraphie et du lettrage. | 819 691-5521\" \/>\n<meta property=\"og:url\" content=\"https:\/\/enseigneslaviolette.com\/\" \/>\n<meta property=\"og:site_name\" content=\"Enseignes Laviolette\" \/>\n<meta property=\"article:modified_time\" content=\"2026-02-11T19:49:52+00:00\" \/>\n<meta name=\"twitter:card\" content=\"summary_large_image\" \/>\n<meta name=\"twitter:label1\" content=\"Dur\u00e9e de lecture estim\u00e9e\" \/>\n\t<meta name=\"twitter:data1\" content=\"2 minutes\" \/>\n<script type=\"application\/ld+json\" class=\"yoast-schema-graph\">{\"@context\":\"https:\/\/schema.org\",\"@graph\":[{\"@type\":\"WebPage\",\"@id\":\"https:\/\/enseigneslaviolette.com\/\",\"url\":\"https:\/\/enseigneslaviolette.com\/\",\"name\":\"Enseignes Laviolette [ Enseignes, lettrage et s\u00e9rigraphie : Trois-Rivi\u00e8res ]\",\"isPartOf\":{\"@id\":\"https:\/\/enseigneslaviolette.com\/#website\"},\"datePublished\":\"2021-04-16T15:11:32+00:00\",\"dateModified\":\"2026-02-11T19:49:52+00:00\",\"description\":\"Enseignes Laviolette : Situ\u00e9e \u00e0 Trois-Rivi\u00e8res, entreprise de fabrication d'enseignes et d'auvents pour commerces et entreprises. Enseignes Laviolette fait \u00e9galement de la s\u00e9rigraphie et du lettrage. | 819 691-5521\",\"breadcrumb\":{\"@id\":\"https:\/\/enseigneslaviolette.com\/#breadcrumb\"},\"inLanguage\":\"fr-FR\",\"potentialAction\":[{\"@type\":\"ReadAction\",\"target\":[\"https:\/\/enseigneslaviolette.com\/\"]}]},{\"@type\":\"BreadcrumbList\",\"@id\":\"https:\/\/enseigneslaviolette.com\/#breadcrumb\",\"itemListElement\":[{\"@type\":\"ListItem\",\"position\":1,\"name\":\"Accueil\",\"item\":\"https:\/\/enseigneslaviolette.com\/\"},{\"@type\":\"ListItem\",\"position\":2,\"name\":\"Accueil\"}]},{\"@type\":\"WebSite\",\"@id\":\"https:\/\/enseigneslaviolette.com\/#website\",\"url\":\"https:\/\/enseigneslaviolette.com\/\",\"name\":\"Enseignes Laviolette\",\"description\":\"Enseignes, lettrage et s\u00e9rigraphie : Trois-Rivi\u00e8res\",\"potentialAction\":[{\"@type\":\"SearchAction\",\"target\":{\"@type\":\"EntryPoint\",\"urlTemplate\":\"https:\/\/enseigneslaviolette.com\/?s={search_term_string}\"},\"query-input\":{\"@type\":\"PropertyValueSpecification\",\"valueRequired\":true,\"valueName\":\"search_term_string\"}}],\"inLanguage\":\"fr-FR\"}]}<\/script>\n<!-- \/ Yoast SEO plugin. -->","yoast_head_json":{"title":"Enseignes Laviolette [ Enseignes, lettrage et s\u00e9rigraphie : Trois-Rivi\u00e8res ]","description":"Enseignes Laviolette : Situ\u00e9e \u00e0 Trois-Rivi\u00e8res, entreprise de fabrication d'enseignes et d'auvents pour commerces et entreprises. Enseignes Laviolette fait \u00e9galement de la s\u00e9rigraphie et du lettrage. | 819 691-5521","robots":{"index":"index","follow":"follow","max-snippet":"max-snippet:-1","max-image-preview":"max-image-preview:large","max-video-preview":"max-video-preview:-1"},"canonical":"https:\/\/enseigneslaviolette.com\/","og_locale":"fr_FR","og_type":"article","og_title":"Enseignes Laviolette [ Enseignes, lettrage et s\u00e9rigraphie : Trois-Rivi\u00e8res ]","og_description":"Enseignes Laviolette : Situ\u00e9e \u00e0 Trois-Rivi\u00e8res, entreprise de fabrication d'enseignes et d'auvents pour commerces et entreprises. Enseignes Laviolette fait \u00e9galement de la s\u00e9rigraphie et du lettrage. | 819 691-5521","og_url":"https:\/\/enseigneslaviolette.com\/","og_site_name":"Enseignes Laviolette","article_modified_time":"2026-02-11T19:49:52+00:00","twitter_card":"summary_large_image","twitter_misc":{"Dur\u00e9e de lecture estim\u00e9e":"2 minutes"},"schema":{"@context":"https:\/\/schema.org","@graph":[{"@type":"WebPage","@id":"https:\/\/enseigneslaviolette.com\/","url":"https:\/\/enseigneslaviolette.com\/","name":"Enseignes Laviolette [ Enseignes, lettrage et s\u00e9rigraphie : Trois-Rivi\u00e8res ]","isPartOf":{"@id":"https:\/\/enseigneslaviolette.com\/#website"},"datePublished":"2021-04-16T15:11:32+00:00","dateModified":"2026-02-11T19:49:52+00:00","description":"Enseignes Laviolette : Situ\u00e9e \u00e0 Trois-Rivi\u00e8res, entreprise de fabrication d'enseignes et d'auvents pour commerces et entreprises. Enseignes Laviolette fait \u00e9galement de la s\u00e9rigraphie et du lettrage. | 819 691-5521","breadcrumb":{"@id":"https:\/\/enseigneslaviolette.com\/#breadcrumb"},"inLanguage":"fr-FR","potentialAction":[{"@type":"ReadAction","target":["https:\/\/enseigneslaviolette.com\/"]}]},{"@type":"BreadcrumbList","@id":"https:\/\/enseigneslaviolette.com\/#breadcrumb","itemListElement":[{"@type":"ListItem","position":1,"name":"Accueil","item":"https:\/\/enseigneslaviolette.com\/"},{"@type":"ListItem","position":2,"name":"Accueil"}]},{"@type":"WebSite","@id":"https:\/\/enseigneslaviolette.com\/#website","url":"https:\/\/enseigneslaviolette.com\/","name":"Enseignes Laviolette","description":"Enseignes, lettrage et s\u00e9rigraphie : Trois-Rivi\u00e8res","potentialAction":[{"@type":"SearchAction","target":{"@type":"EntryPoint","urlTemplate":"https:\/\/enseigneslaviolette.com\/?s={search_term_string}"},"query-input":{"@type":"PropertyValueSpecification","valueRequired":true,"valueName":"search_term_string"}}],"inLanguage":"fr-FR"}]}},"_links":{"self":[{"href":"https:\/\/enseigneslaviolette.com\/index.php?rest_route=\/wp\/v2\/pages\/9"}],"collection":[{"href":"https:\/\/enseigneslaviolette.com\/index.php?rest_route=\/wp\/v2\/pages"}],"about":[{"href":"https:\/\/enseigneslaviolette.com\/index.php?rest_route=\/wp\/v2\/types\/page"}],"author":[{"embeddable":true,"href":"https:\/\/enseigneslaviolette.com\/index.php?rest_route=\/wp\/v2\/users\/2"}],"replies":[{"embeddable":true,"href":"https:\/\/enseigneslaviolette.com\/index.php?rest_route=%2Fwp%2Fv2%2Fcomments&post=9"}],"version-history":[{"count":73,"href":"https:\/\/enseigneslaviolette.com\/index.php?rest_route=\/wp\/v2\/pages\/9\/revisions"}],"predecessor-version":[{"id":186,"href":"https:\/\/enseigneslaviolette.com\/index.php?rest_route=\/wp\/v2\/pages\/9\/revisions\/186"}],"wp:attachment":[{"href":"https:\/\/enseigneslaviolette.com\/index.php?rest_route=%2Fwp%2Fv2%2Fmedia&parent=9"}],"curies":[{"name":"wp","href":"https:\/\/api.w.org\/{rel}","templated":true}]}}